{"id":606469,"date":"2026-03-23T22:34:24","date_gmt":"2026-03-23T22:34:24","guid":{"rendered":"https:\/\/pocorporatestg.wpenginepowered.com\/producte\/private-real-estate-debt\/"},"modified":"2026-05-04T19:06:50","modified_gmt":"2026-05-04T19:06:50","slug":"private-real-estate-debt","status":"publish","type":"product","link":"https:\/\/propertyone.ch\/fr\/produits\/private-real-estate-debt\/","title":{"rendered":"Private Real Estate Debt"},"content":{"rendered":"","protected":false},"excerpt":{"rendered":"<p>Strat\u00e9gies de pr\u00eat direct (direct lending) pour les cr\u00e9dits immobiliers suisses.<\/p>\n","protected":false},"featured_media":610283,"menu_order":0,"template":"","class_list":["post-606469","product","type-product","status-publish","has-post-thumbnail","hentry"],"acf":[],"yoast_head":"<!-- This site is optimized with the Yoast SEO plugin v27.5 - https:\/\/yoast.com\/product\/yoast-seo-wordpress\/ -->\n<title>Private Real Estate Debt - Property One<\/title>\n<meta name=\"description\" content=\"Dans le domaine Private Real Estate Debt, Property\u00a0One adopte des strat\u00e9gies de financement direct pour les pr\u00eats immobiliers suisses en mettant clairement l\u2019accent sur la gestion des risques et la stabilit\u00e9 des rendements.\" \/>\n<meta name=\"robots\" content=\"index, follow, max-snippet:-1, max-image-preview:large, max-video-preview:-1\" \/>\n<link rel=\"canonical\" href=\"https:\/\/propertyone.ch\/fr\/produits\/private-real-estate-debt\/\" \/>\n<meta property=\"og:locale\" content=\"fr_FR\" \/>\n<meta property=\"og:type\" content=\"article\" \/>\n<meta property=\"og:title\" content=\"Private Real Estate Debt - Property One\" \/>\n<meta property=\"og:description\" content=\"Dans le domaine Private Real Estate Debt, Property\u00a0One adopte des strat\u00e9gies de financement direct pour les pr\u00eats immobiliers suisses en mettant clairement l\u2019accent sur la gestion des risques et la stabilit\u00e9 des rendements.\" \/>\n<meta property=\"og:url\" content=\"https:\/\/propertyone.ch\/fr\/produits\/private-real-estate-debt\/\" \/>\n<meta property=\"og:site_name\" content=\"Property One\" \/>\n<meta property=\"article:modified_time\" content=\"2026-05-04T19:06:50+00:00\" \/>\n<meta property=\"og:image\" content=\"https:\/\/propertyone.ch\/wp-content\/uploads\/2026\/02\/PO_2_4.jpg\" \/>\n\t<meta property=\"og:image:width\" content=\"1000\" \/>\n\t<meta property=\"og:image:height\" content=\"950\" \/>\n\t<meta property=\"og:image:type\" content=\"image\/jpeg\" \/>\n<meta name=\"twitter:card\" content=\"summary_large_image\" \/>\n<meta name=\"twitter:label1\" content=\"Dur\u00e9e de lecture estim\u00e9e\" \/>\n\t<meta name=\"twitter:data1\" content=\"1 minute\" \/>\n<script type=\"application\/ld+json\" class=\"yoast-schema-graph\">{\"@context\":\"https:\\\/\\\/schema.org\",\"@graph\":[{\"@type\":\"WebPage\",\"@id\":\"https:\\\/\\\/propertyone.ch\\\/fr\\\/produits\\\/private-real-estate-debt\\\/\",\"url\":\"https:\\\/\\\/propertyone.ch\\\/fr\\\/produits\\\/private-real-estate-debt\\\/\",\"name\":\"Private Real Estate Debt - Property One\",\"isPartOf\":{\"@id\":\"https:\\\/\\\/propertyone.ch\\\/fr\\\/#website\"},\"primaryImageOfPage\":{\"@id\":\"https:\\\/\\\/propertyone.ch\\\/fr\\\/produits\\\/private-real-estate-debt\\\/#primaryimage\"},\"image\":{\"@id\":\"https:\\\/\\\/propertyone.ch\\\/fr\\\/produits\\\/private-real-estate-debt\\\/#primaryimage\"},\"thumbnailUrl\":\"https:\\\/\\\/propertyone.ch\\\/wp-content\\\/uploads\\\/2026\\\/02\\\/PO_2_4.jpg\",\"datePublished\":\"2026-03-23T22:34:24+00:00\",\"dateModified\":\"2026-05-04T19:06:50+00:00\",\"description\":\"Dans le domaine Private Real Estate Debt, Property\u00a0One adopte des strat\u00e9gies de financement direct pour les pr\u00eats immobiliers suisses en mettant clairement l\u2019accent sur la gestion des risques et la stabilit\u00e9 des rendements.\",\"breadcrumb\":{\"@id\":\"https:\\\/\\\/propertyone.ch\\\/fr\\\/produits\\\/private-real-estate-debt\\\/#breadcrumb\"},\"inLanguage\":\"fr-FR\",\"potentialAction\":[{\"@type\":\"ReadAction\",\"target\":[\"https:\\\/\\\/propertyone.ch\\\/fr\\\/produits\\\/private-real-estate-debt\\\/\"]}]},{\"@type\":\"ImageObject\",\"inLanguage\":\"fr-FR\",\"@id\":\"https:\\\/\\\/propertyone.ch\\\/fr\\\/produits\\\/private-real-estate-debt\\\/#primaryimage\",\"url\":\"https:\\\/\\\/propertyone.ch\\\/wp-content\\\/uploads\\\/2026\\\/02\\\/PO_2_4.jpg\",\"contentUrl\":\"https:\\\/\\\/propertyone.ch\\\/wp-content\\\/uploads\\\/2026\\\/02\\\/PO_2_4.jpg\",\"width\":1000,\"height\":950},{\"@type\":\"BreadcrumbList\",\"@id\":\"https:\\\/\\\/propertyone.ch\\\/fr\\\/produits\\\/private-real-estate-debt\\\/#breadcrumb\",\"itemListElement\":[{\"@type\":\"ListItem\",\"position\":1,\"name\":\"Home\",\"item\":\"https:\\\/\\\/propertyone.ch\\\/fr\\\/\"},{\"@type\":\"ListItem\",\"position\":2,\"name\":\"Private Real Estate Debt\"}]},{\"@type\":\"WebSite\",\"@id\":\"https:\\\/\\\/propertyone.ch\\\/fr\\\/#website\",\"url\":\"https:\\\/\\\/propertyone.ch\\\/fr\\\/\",\"name\":\"Property One\",\"description\":\"\",\"publisher\":{\"@id\":\"https:\\\/\\\/propertyone.ch\\\/fr\\\/#organization\"},\"potentialAction\":[{\"@type\":\"SearchAction\",\"target\":{\"@type\":\"EntryPoint\",\"urlTemplate\":\"https:\\\/\\\/propertyone.ch\\\/fr\\\/?s={search_term_string}\"},\"query-input\":{\"@type\":\"PropertyValueSpecification\",\"valueRequired\":true,\"valueName\":\"search_term_string\"}}],\"inLanguage\":\"fr-FR\"},{\"@type\":\"Organization\",\"@id\":\"https:\\\/\\\/propertyone.ch\\\/fr\\\/#organization\",\"name\":\"Property One\",\"url\":\"https:\\\/\\\/propertyone.ch\\\/fr\\\/\",\"logo\":{\"@type\":\"ImageObject\",\"inLanguage\":\"fr-FR\",\"@id\":\"https:\\\/\\\/propertyone.ch\\\/fr\\\/#\\\/schema\\\/logo\\\/image\\\/\",\"url\":\"https:\\\/\\\/propertyone.ch\\\/wp-content\\\/uploads\\\/2026\\\/04\\\/logo.png\",\"contentUrl\":\"https:\\\/\\\/propertyone.ch\\\/wp-content\\\/uploads\\\/2026\\\/04\\\/logo.png\",\"width\":500,\"height\":46,\"caption\":\"Property One\"},\"image\":{\"@id\":\"https:\\\/\\\/propertyone.ch\\\/fr\\\/#\\\/schema\\\/logo\\\/image\\\/\"},\"sameAs\":[\"https:\\\/\\\/www.linkedin.com\\\/company\\\/property-one-partners-ag\\\/\",\"https:\\\/\\\/www.instagram.com\\\/propertyone.ch\\\/?hl=de\",\"https:\\\/\\\/www.whatsapp.com\\\/channel\\\/0029VabxKrh29754Kc9NER08\",\"https:\\\/\\\/www.youtube.com\\\/@propertyonegroup\"]}]}<\/script>\n<!-- \/ Yoast SEO plugin. -->","yoast_head_json":{"title":"Private Real Estate Debt - Property One","description":"Dans le domaine Private Real Estate Debt, Property\u00a0One adopte des strat\u00e9gies de financement direct pour les pr\u00eats immobiliers suisses en mettant clairement l\u2019accent sur la gestion des risques et la stabilit\u00e9 des rendements.","robots":{"index":"index","follow":"follow","max-snippet":"max-snippet:-1","max-image-preview":"max-image-preview:large","max-video-preview":"max-video-preview:-1"},"canonical":"https:\/\/propertyone.ch\/fr\/produits\/private-real-estate-debt\/","og_locale":"fr_FR","og_type":"article","og_title":"Private Real Estate Debt - Property One","og_description":"Dans le domaine Private Real Estate Debt, Property\u00a0One adopte des strat\u00e9gies de financement direct pour les pr\u00eats immobiliers suisses en mettant clairement l\u2019accent sur la gestion des risques et la stabilit\u00e9 des rendements.","og_url":"https:\/\/propertyone.ch\/fr\/produits\/private-real-estate-debt\/","og_site_name":"Property One","article_modified_time":"2026-05-04T19:06:50+00:00","og_image":[{"width":1000,"height":950,"url":"https:\/\/propertyone.ch\/wp-content\/uploads\/2026\/02\/PO_2_4.jpg","type":"image\/jpeg"}],"twitter_card":"summary_large_image","twitter_misc":{"Dur\u00e9e de lecture estim\u00e9e":"1 minute"},"schema":{"@context":"https:\/\/schema.org","@graph":[{"@type":"WebPage","@id":"https:\/\/propertyone.ch\/fr\/produits\/private-real-estate-debt\/","url":"https:\/\/propertyone.ch\/fr\/produits\/private-real-estate-debt\/","name":"Private Real Estate Debt - Property One","isPartOf":{"@id":"https:\/\/propertyone.ch\/fr\/#website"},"primaryImageOfPage":{"@id":"https:\/\/propertyone.ch\/fr\/produits\/private-real-estate-debt\/#primaryimage"},"image":{"@id":"https:\/\/propertyone.ch\/fr\/produits\/private-real-estate-debt\/#primaryimage"},"thumbnailUrl":"https:\/\/propertyone.ch\/wp-content\/uploads\/2026\/02\/PO_2_4.jpg","datePublished":"2026-03-23T22:34:24+00:00","dateModified":"2026-05-04T19:06:50+00:00","description":"Dans le domaine Private Real Estate Debt, Property\u00a0One adopte des strat\u00e9gies de financement direct pour les pr\u00eats immobiliers suisses en mettant clairement l\u2019accent sur la gestion des risques et la stabilit\u00e9 des rendements.","breadcrumb":{"@id":"https:\/\/propertyone.ch\/fr\/produits\/private-real-estate-debt\/#breadcrumb"},"inLanguage":"fr-FR","potentialAction":[{"@type":"ReadAction","target":["https:\/\/propertyone.ch\/fr\/produits\/private-real-estate-debt\/"]}]},{"@type":"ImageObject","inLanguage":"fr-FR","@id":"https:\/\/propertyone.ch\/fr\/produits\/private-real-estate-debt\/#primaryimage","url":"https:\/\/propertyone.ch\/wp-content\/uploads\/2026\/02\/PO_2_4.jpg","contentUrl":"https:\/\/propertyone.ch\/wp-content\/uploads\/2026\/02\/PO_2_4.jpg","width":1000,"height":950},{"@type":"BreadcrumbList","@id":"https:\/\/propertyone.ch\/fr\/produits\/private-real-estate-debt\/#breadcrumb","itemListElement":[{"@type":"ListItem","position":1,"name":"Home","item":"https:\/\/propertyone.ch\/fr\/"},{"@type":"ListItem","position":2,"name":"Private Real Estate Debt"}]},{"@type":"WebSite","@id":"https:\/\/propertyone.ch\/fr\/#website","url":"https:\/\/propertyone.ch\/fr\/","name":"Property One","description":"","publisher":{"@id":"https:\/\/propertyone.ch\/fr\/#organization"},"potentialAction":[{"@type":"SearchAction","target":{"@type":"EntryPoint","urlTemplate":"https:\/\/propertyone.ch\/fr\/?s={search_term_string}"},"query-input":{"@type":"PropertyValueSpecification","valueRequired":true,"valueName":"search_term_string"}}],"inLanguage":"fr-FR"},{"@type":"Organization","@id":"https:\/\/propertyone.ch\/fr\/#organization","name":"Property One","url":"https:\/\/propertyone.ch\/fr\/","logo":{"@type":"ImageObject","inLanguage":"fr-FR","@id":"https:\/\/propertyone.ch\/fr\/#\/schema\/logo\/image\/","url":"https:\/\/propertyone.ch\/wp-content\/uploads\/2026\/04\/logo.png","contentUrl":"https:\/\/propertyone.ch\/wp-content\/uploads\/2026\/04\/logo.png","width":500,"height":46,"caption":"Property One"},"image":{"@id":"https:\/\/propertyone.ch\/fr\/#\/schema\/logo\/image\/"},"sameAs":["https:\/\/www.linkedin.com\/company\/property-one-partners-ag\/","https:\/\/www.instagram.com\/propertyone.ch\/?hl=de","https:\/\/www.whatsapp.com\/channel\/0029VabxKrh29754Kc9NER08","https:\/\/www.youtube.com\/@propertyonegroup"]}]}},"_links":{"self":[{"href":"https:\/\/propertyone.ch\/fr\/wp-json\/wp\/v2\/product\/606469","targetHints":{"allow":["GET"]}}],"collection":[{"href":"https:\/\/propertyone.ch\/fr\/wp-json\/wp\/v2\/product"}],"about":[{"href":"https:\/\/propertyone.ch\/fr\/wp-json\/wp\/v2\/types\/product"}],"wp:featuredmedia":[{"embeddable":true,"href":"https:\/\/propertyone.ch\/fr\/wp-json\/wp\/v2\/media\/610283"}],"wp:attachment":[{"href":"https:\/\/propertyone.ch\/fr\/wp-json\/wp\/v2\/media?parent=606469"}],"curies":[{"name":"wp","href":"https:\/\/api.w.org\/{rel}","templated":true}]}}