{"id":606463,"date":"2026-03-23T23:44:03","date_gmt":"2026-03-23T23:44:03","guid":{"rendered":"https:\/\/pocorporatestg.wpenginepowered.com\/producte\/one-real-estate-debt-fund\/"},"modified":"2026-05-04T19:01:00","modified_gmt":"2026-05-04T19:01:00","slug":"one-real-estate-debt-fund","status":"publish","type":"product","link":"https:\/\/propertyone.ch\/fr\/produits\/one-real-estate-debt-fund\/","title":{"rendered":"ONE Real Estate Debt Fund"},"content":{"rendered":"","protected":false},"excerpt":{"rendered":"<p>Le premier fonds agr\u00e9\u00e9 par la FINMA et r\u00e9gi par le droit suisse pour les investissements dans les hypoth\u00e8ques de second rang.<\/p>\n","protected":false},"featured_media":608374,"menu_order":0,"template":"","class_list":["post-606463","product","type-product","status-publish","has-post-thumbnail","hentry"],"acf":[],"yoast_head":"<!-- This site is optimized with the Yoast SEO plugin v27.5 - https:\/\/yoast.com\/product\/yoast-seo-wordpress\/ -->\n<title>ONE Real Estate Debt Fund - Property One<\/title>\n<meta name=\"description\" content=\"Le premier fonds agr\u00e9\u00e9 par la FINMA et r\u00e9gi par le droit suisse pour les investissements dans les hypoth\u00e8ques de second rang.\" \/>\n<meta name=\"robots\" content=\"index, follow, max-snippet:-1, max-image-preview:large, max-video-preview:-1\" \/>\n<link rel=\"canonical\" href=\"https:\/\/propertyone.ch\/fr\/produits\/one-real-estate-debt-fund\/\" \/>\n<meta property=\"og:locale\" content=\"fr_FR\" \/>\n<meta property=\"og:type\" content=\"article\" \/>\n<meta property=\"og:title\" content=\"ONE Real Estate Debt Fund - Property One\" \/>\n<meta property=\"og:description\" content=\"Le premier fonds agr\u00e9\u00e9 par la FINMA et r\u00e9gi par le droit suisse pour les investissements dans les hypoth\u00e8ques de second rang.\" \/>\n<meta property=\"og:url\" content=\"https:\/\/propertyone.ch\/fr\/produits\/one-real-estate-debt-fund\/\" \/>\n<meta property=\"og:site_name\" content=\"Property One\" \/>\n<meta property=\"article:modified_time\" content=\"2026-05-04T19:01:00+00:00\" \/>\n<meta property=\"og:image\" content=\"https:\/\/propertyone.ch\/wp-content\/uploads\/2026\/02\/PO_2_3.jpg\" \/>\n\t<meta property=\"og:image:width\" content=\"1000\" \/>\n\t<meta property=\"og:image:height\" content=\"950\" \/>\n\t<meta property=\"og:image:type\" content=\"image\/jpeg\" \/>\n<meta name=\"twitter:card\" content=\"summary_large_image\" \/>\n<meta name=\"twitter:label1\" content=\"Dur\u00e9e de lecture estim\u00e9e\" \/>\n\t<meta name=\"twitter:data1\" content=\"1 minute\" \/>\n<script type=\"application\/ld+json\" class=\"yoast-schema-graph\">{\"@context\":\"https:\\\/\\\/schema.org\",\"@graph\":[{\"@type\":\"WebPage\",\"@id\":\"https:\\\/\\\/propertyone.ch\\\/fr\\\/produits\\\/one-real-estate-debt-fund\\\/\",\"url\":\"https:\\\/\\\/propertyone.ch\\\/fr\\\/produits\\\/one-real-estate-debt-fund\\\/\",\"name\":\"ONE Real Estate Debt Fund - Property One\",\"isPartOf\":{\"@id\":\"https:\\\/\\\/propertyone.ch\\\/fr\\\/#website\"},\"primaryImageOfPage\":{\"@id\":\"https:\\\/\\\/propertyone.ch\\\/fr\\\/produits\\\/one-real-estate-debt-fund\\\/#primaryimage\"},\"image\":{\"@id\":\"https:\\\/\\\/propertyone.ch\\\/fr\\\/produits\\\/one-real-estate-debt-fund\\\/#primaryimage\"},\"thumbnailUrl\":\"https:\\\/\\\/propertyone.ch\\\/wp-content\\\/uploads\\\/2026\\\/02\\\/PO_2_3.jpg\",\"datePublished\":\"2026-03-23T23:44:03+00:00\",\"dateModified\":\"2026-05-04T19:01:00+00:00\",\"description\":\"Le premier fonds agr\u00e9\u00e9 par la FINMA et r\u00e9gi par le droit suisse pour les investissements dans les hypoth\u00e8ques de second rang.\",\"breadcrumb\":{\"@id\":\"https:\\\/\\\/propertyone.ch\\\/fr\\\/produits\\\/one-real-estate-debt-fund\\\/#breadcrumb\"},\"inLanguage\":\"fr-FR\",\"potentialAction\":[{\"@type\":\"ReadAction\",\"target\":[\"https:\\\/\\\/propertyone.ch\\\/fr\\\/produits\\\/one-real-estate-debt-fund\\\/\"]}]},{\"@type\":\"ImageObject\",\"inLanguage\":\"fr-FR\",\"@id\":\"https:\\\/\\\/propertyone.ch\\\/fr\\\/produits\\\/one-real-estate-debt-fund\\\/#primaryimage\",\"url\":\"https:\\\/\\\/propertyone.ch\\\/wp-content\\\/uploads\\\/2026\\\/02\\\/PO_2_3.jpg\",\"contentUrl\":\"https:\\\/\\\/propertyone.ch\\\/wp-content\\\/uploads\\\/2026\\\/02\\\/PO_2_3.jpg\",\"width\":1000,\"height\":950},{\"@type\":\"BreadcrumbList\",\"@id\":\"https:\\\/\\\/propertyone.ch\\\/fr\\\/produits\\\/one-real-estate-debt-fund\\\/#breadcrumb\",\"itemListElement\":[{\"@type\":\"ListItem\",\"position\":1,\"name\":\"Home\",\"item\":\"https:\\\/\\\/propertyone.ch\\\/fr\\\/\"},{\"@type\":\"ListItem\",\"position\":2,\"name\":\"ONE Real Estate Debt Fund\"}]},{\"@type\":\"WebSite\",\"@id\":\"https:\\\/\\\/propertyone.ch\\\/fr\\\/#website\",\"url\":\"https:\\\/\\\/propertyone.ch\\\/fr\\\/\",\"name\":\"Property One\",\"description\":\"\",\"publisher\":{\"@id\":\"https:\\\/\\\/propertyone.ch\\\/fr\\\/#organization\"},\"potentialAction\":[{\"@type\":\"SearchAction\",\"target\":{\"@type\":\"EntryPoint\",\"urlTemplate\":\"https:\\\/\\\/propertyone.ch\\\/fr\\\/?s={search_term_string}\"},\"query-input\":{\"@type\":\"PropertyValueSpecification\",\"valueRequired\":true,\"valueName\":\"search_term_string\"}}],\"inLanguage\":\"fr-FR\"},{\"@type\":\"Organization\",\"@id\":\"https:\\\/\\\/propertyone.ch\\\/fr\\\/#organization\",\"name\":\"Property One\",\"url\":\"https:\\\/\\\/propertyone.ch\\\/fr\\\/\",\"logo\":{\"@type\":\"ImageObject\",\"inLanguage\":\"fr-FR\",\"@id\":\"https:\\\/\\\/propertyone.ch\\\/fr\\\/#\\\/schema\\\/logo\\\/image\\\/\",\"url\":\"https:\\\/\\\/propertyone.ch\\\/wp-content\\\/uploads\\\/2026\\\/04\\\/logo.png\",\"contentUrl\":\"https:\\\/\\\/propertyone.ch\\\/wp-content\\\/uploads\\\/2026\\\/04\\\/logo.png\",\"width\":500,\"height\":46,\"caption\":\"Property One\"},\"image\":{\"@id\":\"https:\\\/\\\/propertyone.ch\\\/fr\\\/#\\\/schema\\\/logo\\\/image\\\/\"},\"sameAs\":[\"https:\\\/\\\/www.linkedin.com\\\/company\\\/property-one-partners-ag\\\/\",\"https:\\\/\\\/www.instagram.com\\\/propertyone.ch\\\/?hl=de\",\"https:\\\/\\\/www.whatsapp.com\\\/channel\\\/0029VabxKrh29754Kc9NER08\",\"https:\\\/\\\/www.youtube.com\\\/@propertyonegroup\"]}]}<\/script>\n<!-- \/ Yoast SEO plugin. -->","yoast_head_json":{"title":"ONE Real Estate Debt Fund - Property One","description":"Le premier fonds agr\u00e9\u00e9 par la FINMA et r\u00e9gi par le droit suisse pour les investissements dans les hypoth\u00e8ques de second rang.","robots":{"index":"index","follow":"follow","max-snippet":"max-snippet:-1","max-image-preview":"max-image-preview:large","max-video-preview":"max-video-preview:-1"},"canonical":"https:\/\/propertyone.ch\/fr\/produits\/one-real-estate-debt-fund\/","og_locale":"fr_FR","og_type":"article","og_title":"ONE Real Estate Debt Fund - Property One","og_description":"Le premier fonds agr\u00e9\u00e9 par la FINMA et r\u00e9gi par le droit suisse pour les investissements dans les hypoth\u00e8ques de second rang.","og_url":"https:\/\/propertyone.ch\/fr\/produits\/one-real-estate-debt-fund\/","og_site_name":"Property One","article_modified_time":"2026-05-04T19:01:00+00:00","og_image":[{"width":1000,"height":950,"url":"https:\/\/propertyone.ch\/wp-content\/uploads\/2026\/02\/PO_2_3.jpg","type":"image\/jpeg"}],"twitter_card":"summary_large_image","twitter_misc":{"Dur\u00e9e de lecture estim\u00e9e":"1 minute"},"schema":{"@context":"https:\/\/schema.org","@graph":[{"@type":"WebPage","@id":"https:\/\/propertyone.ch\/fr\/produits\/one-real-estate-debt-fund\/","url":"https:\/\/propertyone.ch\/fr\/produits\/one-real-estate-debt-fund\/","name":"ONE Real Estate Debt Fund - Property One","isPartOf":{"@id":"https:\/\/propertyone.ch\/fr\/#website"},"primaryImageOfPage":{"@id":"https:\/\/propertyone.ch\/fr\/produits\/one-real-estate-debt-fund\/#primaryimage"},"image":{"@id":"https:\/\/propertyone.ch\/fr\/produits\/one-real-estate-debt-fund\/#primaryimage"},"thumbnailUrl":"https:\/\/propertyone.ch\/wp-content\/uploads\/2026\/02\/PO_2_3.jpg","datePublished":"2026-03-23T23:44:03+00:00","dateModified":"2026-05-04T19:01:00+00:00","description":"Le premier fonds agr\u00e9\u00e9 par la FINMA et r\u00e9gi par le droit suisse pour les investissements dans les hypoth\u00e8ques de second rang.","breadcrumb":{"@id":"https:\/\/propertyone.ch\/fr\/produits\/one-real-estate-debt-fund\/#breadcrumb"},"inLanguage":"fr-FR","potentialAction":[{"@type":"ReadAction","target":["https:\/\/propertyone.ch\/fr\/produits\/one-real-estate-debt-fund\/"]}]},{"@type":"ImageObject","inLanguage":"fr-FR","@id":"https:\/\/propertyone.ch\/fr\/produits\/one-real-estate-debt-fund\/#primaryimage","url":"https:\/\/propertyone.ch\/wp-content\/uploads\/2026\/02\/PO_2_3.jpg","contentUrl":"https:\/\/propertyone.ch\/wp-content\/uploads\/2026\/02\/PO_2_3.jpg","width":1000,"height":950},{"@type":"BreadcrumbList","@id":"https:\/\/propertyone.ch\/fr\/produits\/one-real-estate-debt-fund\/#breadcrumb","itemListElement":[{"@type":"ListItem","position":1,"name":"Home","item":"https:\/\/propertyone.ch\/fr\/"},{"@type":"ListItem","position":2,"name":"ONE Real Estate Debt Fund"}]},{"@type":"WebSite","@id":"https:\/\/propertyone.ch\/fr\/#website","url":"https:\/\/propertyone.ch\/fr\/","name":"Property One","description":"","publisher":{"@id":"https:\/\/propertyone.ch\/fr\/#organization"},"potentialAction":[{"@type":"SearchAction","target":{"@type":"EntryPoint","urlTemplate":"https:\/\/propertyone.ch\/fr\/?s={search_term_string}"},"query-input":{"@type":"PropertyValueSpecification","valueRequired":true,"valueName":"search_term_string"}}],"inLanguage":"fr-FR"},{"@type":"Organization","@id":"https:\/\/propertyone.ch\/fr\/#organization","name":"Property One","url":"https:\/\/propertyone.ch\/fr\/","logo":{"@type":"ImageObject","inLanguage":"fr-FR","@id":"https:\/\/propertyone.ch\/fr\/#\/schema\/logo\/image\/","url":"https:\/\/propertyone.ch\/wp-content\/uploads\/2026\/04\/logo.png","contentUrl":"https:\/\/propertyone.ch\/wp-content\/uploads\/2026\/04\/logo.png","width":500,"height":46,"caption":"Property One"},"image":{"@id":"https:\/\/propertyone.ch\/fr\/#\/schema\/logo\/image\/"},"sameAs":["https:\/\/www.linkedin.com\/company\/property-one-partners-ag\/","https:\/\/www.instagram.com\/propertyone.ch\/?hl=de","https:\/\/www.whatsapp.com\/channel\/0029VabxKrh29754Kc9NER08","https:\/\/www.youtube.com\/@propertyonegroup"]}]}},"_links":{"self":[{"href":"https:\/\/propertyone.ch\/fr\/wp-json\/wp\/v2\/product\/606463","targetHints":{"allow":["GET"]}}],"collection":[{"href":"https:\/\/propertyone.ch\/fr\/wp-json\/wp\/v2\/product"}],"about":[{"href":"https:\/\/propertyone.ch\/fr\/wp-json\/wp\/v2\/types\/product"}],"wp:featuredmedia":[{"embeddable":true,"href":"https:\/\/propertyone.ch\/fr\/wp-json\/wp\/v2\/media\/608374"}],"wp:attachment":[{"href":"https:\/\/propertyone.ch\/fr\/wp-json\/wp\/v2\/media?parent=606463"}],"curies":[{"name":"wp","href":"https:\/\/api.w.org\/{rel}","templated":true}]}}