{"id":606381,"date":"2026-02-09T18:04:56","date_gmt":"2026-02-09T18:04:56","guid":{"rendered":"https:\/\/pocorporatestg.wpenginepowered.com\/karriere\/"},"modified":"2026-05-04T19:25:13","modified_gmt":"2026-05-04T19:25:13","slug":"karriere","status":"publish","type":"page","link":"https:\/\/propertyone.ch\/fr\/karriere\/","title":{"rendered":"Carri\u00e8re"},"content":{"rendered":"","protected":false},"excerpt":{"rendered":"","protected":false},"author":3,"featured_media":0,"parent":0,"menu_order":0,"comment_status":"closed","ping_status":"closed","template":"pages\/template-flexible-content.php","meta":{"_acf_changed":false,"inline_featured_image":false,"footnotes":""},"class_list":["post-606381","page","type-page","status-publish","hentry"],"acf":[],"yoast_head":"<!-- This site is optimized with the Yoast SEO plugin v27.5 - https:\/\/yoast.com\/product\/yoast-seo-wordpress\/ -->\n<title>Carri\u00e8re - Property One<\/title>\n<meta name=\"description\" content=\"Chez Property One, nous sommes une \u00e9quipe qui adopte une vision globale de l\u2019immobilier et fait preuve d\u2019esprit d\u2019entreprise. Notre ONEteam allie expertise, responsabilit\u00e9 et collaboration pour cr\u00e9er un environnement o\u00f9 convergent d\u00e9veloppement, performance et impact durable dans l\u2019immobilier.\" \/>\n<meta name=\"robots\" content=\"index, follow, max-snippet:-1, max-image-preview:large, max-video-preview:-1\" \/>\n<link rel=\"canonical\" href=\"https:\/\/propertyone.ch\/fr\/karriere\/\" \/>\n<meta property=\"og:locale\" content=\"fr_FR\" \/>\n<meta property=\"og:type\" content=\"article\" \/>\n<meta property=\"og:title\" content=\"Carri\u00e8re - Property One\" \/>\n<meta property=\"og:description\" content=\"Chez Property One, nous sommes une \u00e9quipe qui adopte une vision globale de l\u2019immobilier et fait preuve d\u2019esprit d\u2019entreprise. Notre ONEteam allie expertise, responsabilit\u00e9 et collaboration pour cr\u00e9er un environnement o\u00f9 convergent d\u00e9veloppement, performance et impact durable dans l\u2019immobilier.\" \/>\n<meta property=\"og:url\" content=\"https:\/\/propertyone.ch\/fr\/karriere\/\" \/>\n<meta property=\"og:site_name\" content=\"Property One\" \/>\n<meta property=\"article:modified_time\" content=\"2026-05-04T19:25:13+00:00\" \/>\n<meta name=\"twitter:card\" content=\"summary_large_image\" \/>\n<script type=\"application\/ld+json\" class=\"yoast-schema-graph\">{\"@context\":\"https:\\\/\\\/schema.org\",\"@graph\":[{\"@type\":\"WebPage\",\"@id\":\"https:\\\/\\\/propertyone.ch\\\/fr\\\/karriere\\\/\",\"url\":\"https:\\\/\\\/propertyone.ch\\\/fr\\\/karriere\\\/\",\"name\":\"Carri\u00e8re - Property One\",\"isPartOf\":{\"@id\":\"https:\\\/\\\/propertyone.ch\\\/fr\\\/#website\"},\"datePublished\":\"2026-02-09T18:04:56+00:00\",\"dateModified\":\"2026-05-04T19:25:13+00:00\",\"description\":\"Chez Property One, nous sommes une \u00e9quipe qui adopte une vision globale de l\u2019immobilier et fait preuve d\u2019esprit d\u2019entreprise. Notre ONEteam allie expertise, responsabilit\u00e9 et collaboration pour cr\u00e9er un environnement o\u00f9 convergent d\u00e9veloppement, performance et impact durable dans l\u2019immobilier.\",\"breadcrumb\":{\"@id\":\"https:\\\/\\\/propertyone.ch\\\/fr\\\/karriere\\\/#breadcrumb\"},\"inLanguage\":\"fr-FR\",\"potentialAction\":[{\"@type\":\"ReadAction\",\"target\":[\"https:\\\/\\\/propertyone.ch\\\/fr\\\/karriere\\\/\"]}]},{\"@type\":\"BreadcrumbList\",\"@id\":\"https:\\\/\\\/propertyone.ch\\\/fr\\\/karriere\\\/#breadcrumb\",\"itemListElement\":[{\"@type\":\"ListItem\",\"position\":1,\"name\":\"Home\",\"item\":\"https:\\\/\\\/propertyone.ch\\\/fr\\\/\"},{\"@type\":\"ListItem\",\"position\":2,\"name\":\"Carri\u00e8re\"}]},{\"@type\":\"WebSite\",\"@id\":\"https:\\\/\\\/propertyone.ch\\\/fr\\\/#website\",\"url\":\"https:\\\/\\\/propertyone.ch\\\/fr\\\/\",\"name\":\"Property One\",\"description\":\"\",\"publisher\":{\"@id\":\"https:\\\/\\\/propertyone.ch\\\/fr\\\/#organization\"},\"potentialAction\":[{\"@type\":\"SearchAction\",\"target\":{\"@type\":\"EntryPoint\",\"urlTemplate\":\"https:\\\/\\\/propertyone.ch\\\/fr\\\/?s={search_term_string}\"},\"query-input\":{\"@type\":\"PropertyValueSpecification\",\"valueRequired\":true,\"valueName\":\"search_term_string\"}}],\"inLanguage\":\"fr-FR\"},{\"@type\":\"Organization\",\"@id\":\"https:\\\/\\\/propertyone.ch\\\/fr\\\/#organization\",\"name\":\"Property One\",\"url\":\"https:\\\/\\\/propertyone.ch\\\/fr\\\/\",\"logo\":{\"@type\":\"ImageObject\",\"inLanguage\":\"fr-FR\",\"@id\":\"https:\\\/\\\/propertyone.ch\\\/fr\\\/#\\\/schema\\\/logo\\\/image\\\/\",\"url\":\"https:\\\/\\\/propertyone.ch\\\/wp-content\\\/uploads\\\/2026\\\/04\\\/logo.png\",\"contentUrl\":\"https:\\\/\\\/propertyone.ch\\\/wp-content\\\/uploads\\\/2026\\\/04\\\/logo.png\",\"width\":500,\"height\":46,\"caption\":\"Property One\"},\"image\":{\"@id\":\"https:\\\/\\\/propertyone.ch\\\/fr\\\/#\\\/schema\\\/logo\\\/image\\\/\"},\"sameAs\":[\"https:\\\/\\\/www.linkedin.com\\\/company\\\/property-one-partners-ag\\\/\",\"https:\\\/\\\/www.instagram.com\\\/propertyone.ch\\\/?hl=de\",\"https:\\\/\\\/www.whatsapp.com\\\/channel\\\/0029VabxKrh29754Kc9NER08\",\"https:\\\/\\\/www.youtube.com\\\/@propertyonegroup\"]}]}<\/script>\n<!-- \/ Yoast SEO plugin. -->","yoast_head_json":{"title":"Carri\u00e8re - Property One","description":"Chez Property One, nous sommes une \u00e9quipe qui adopte une vision globale de l\u2019immobilier et fait preuve d\u2019esprit d\u2019entreprise. Notre ONEteam allie expertise, responsabilit\u00e9 et collaboration pour cr\u00e9er un environnement o\u00f9 convergent d\u00e9veloppement, performance et impact durable dans l\u2019immobilier.","robots":{"index":"index","follow":"follow","max-snippet":"max-snippet:-1","max-image-preview":"max-image-preview:large","max-video-preview":"max-video-preview:-1"},"canonical":"https:\/\/propertyone.ch\/fr\/karriere\/","og_locale":"fr_FR","og_type":"article","og_title":"Carri\u00e8re - Property One","og_description":"Chez Property One, nous sommes une \u00e9quipe qui adopte une vision globale de l\u2019immobilier et fait preuve d\u2019esprit d\u2019entreprise. Notre ONEteam allie expertise, responsabilit\u00e9 et collaboration pour cr\u00e9er un environnement o\u00f9 convergent d\u00e9veloppement, performance et impact durable dans l\u2019immobilier.","og_url":"https:\/\/propertyone.ch\/fr\/karriere\/","og_site_name":"Property One","article_modified_time":"2026-05-04T19:25:13+00:00","twitter_card":"summary_large_image","schema":{"@context":"https:\/\/schema.org","@graph":[{"@type":"WebPage","@id":"https:\/\/propertyone.ch\/fr\/karriere\/","url":"https:\/\/propertyone.ch\/fr\/karriere\/","name":"Carri\u00e8re - Property One","isPartOf":{"@id":"https:\/\/propertyone.ch\/fr\/#website"},"datePublished":"2026-02-09T18:04:56+00:00","dateModified":"2026-05-04T19:25:13+00:00","description":"Chez Property One, nous sommes une \u00e9quipe qui adopte une vision globale de l\u2019immobilier et fait preuve d\u2019esprit d\u2019entreprise. Notre ONEteam allie expertise, responsabilit\u00e9 et collaboration pour cr\u00e9er un environnement o\u00f9 convergent d\u00e9veloppement, performance et impact durable dans l\u2019immobilier.","breadcrumb":{"@id":"https:\/\/propertyone.ch\/fr\/karriere\/#breadcrumb"},"inLanguage":"fr-FR","potentialAction":[{"@type":"ReadAction","target":["https:\/\/propertyone.ch\/fr\/karriere\/"]}]},{"@type":"BreadcrumbList","@id":"https:\/\/propertyone.ch\/fr\/karriere\/#breadcrumb","itemListElement":[{"@type":"ListItem","position":1,"name":"Home","item":"https:\/\/propertyone.ch\/fr\/"},{"@type":"ListItem","position":2,"name":"Carri\u00e8re"}]},{"@type":"WebSite","@id":"https:\/\/propertyone.ch\/fr\/#website","url":"https:\/\/propertyone.ch\/fr\/","name":"Property One","description":"","publisher":{"@id":"https:\/\/propertyone.ch\/fr\/#organization"},"potentialAction":[{"@type":"SearchAction","target":{"@type":"EntryPoint","urlTemplate":"https:\/\/propertyone.ch\/fr\/?s={search_term_string}"},"query-input":{"@type":"PropertyValueSpecification","valueRequired":true,"valueName":"search_term_string"}}],"inLanguage":"fr-FR"},{"@type":"Organization","@id":"https:\/\/propertyone.ch\/fr\/#organization","name":"Property One","url":"https:\/\/propertyone.ch\/fr\/","logo":{"@type":"ImageObject","inLanguage":"fr-FR","@id":"https:\/\/propertyone.ch\/fr\/#\/schema\/logo\/image\/","url":"https:\/\/propertyone.ch\/wp-content\/uploads\/2026\/04\/logo.png","contentUrl":"https:\/\/propertyone.ch\/wp-content\/uploads\/2026\/04\/logo.png","width":500,"height":46,"caption":"Property One"},"image":{"@id":"https:\/\/propertyone.ch\/fr\/#\/schema\/logo\/image\/"},"sameAs":["https:\/\/www.linkedin.com\/company\/property-one-partners-ag\/","https:\/\/www.instagram.com\/propertyone.ch\/?hl=de","https:\/\/www.whatsapp.com\/channel\/0029VabxKrh29754Kc9NER08","https:\/\/www.youtube.com\/@propertyonegroup"]}]}},"_links":{"self":[{"href":"https:\/\/propertyone.ch\/fr\/wp-json\/wp\/v2\/pages\/606381","targetHints":{"allow":["GET"]}}],"collection":[{"href":"https:\/\/propertyone.ch\/fr\/wp-json\/wp\/v2\/pages"}],"about":[{"href":"https:\/\/propertyone.ch\/fr\/wp-json\/wp\/v2\/types\/page"}],"author":[{"embeddable":true,"href":"https:\/\/propertyone.ch\/fr\/wp-json\/wp\/v2\/users\/3"}],"replies":[{"embeddable":true,"href":"https:\/\/propertyone.ch\/fr\/wp-json\/wp\/v2\/comments?post=606381"}],"version-history":[{"count":0,"href":"https:\/\/propertyone.ch\/fr\/wp-json\/wp\/v2\/pages\/606381\/revisions"}],"wp:attachment":[{"href":"https:\/\/propertyone.ch\/fr\/wp-json\/wp\/v2\/media?parent=606381"}],"curies":[{"name":"wp","href":"https:\/\/api.w.org\/{rel}","templated":true}]}}