{"id":427127,"date":"2019-08-05T10:54:01","date_gmt":"2019-08-05T08:54:01","guid":{"rendered":"https:\/\/propertyone.ch\/vision-strategie\/"},"modified":"2026-01-23T10:37:06","modified_gmt":"2026-01-23T09:37:06","slug":"entreprise","status":"publish","type":"page","link":"https:\/\/propertyone.ch\/fr\/nous-concernant\/entreprise\/","title":{"rendered":"Entreprise"},"content":{"rendered":"","protected":false},"excerpt":{"rendered":"","protected":false},"author":1,"featured_media":0,"parent":427138,"menu_order":8,"comment_status":"closed","ping_status":"closed","template":"","meta":{"_acf_changed":false,"inline_featured_image":false,"footnotes":""},"class_list":["post-427127","page","type-page","status-publish","hentry"],"acf":[],"yoast_head":"<!-- This site is optimized with the Yoast SEO plugin v27.3 - https:\/\/yoast.com\/product\/yoast-seo-wordpress\/ -->\n<title>Property One - Vision und Mission<\/title>\n<meta name=\"description\" content=\"Mit nachhaltigen und innovativen L\u00f6sungen schaffen wir mehr Wert f\u00fcr unsere Kunden und erzeugen Begeisterung f\u00fcr Immobilien.\" \/>\n<meta name=\"robots\" content=\"index, follow, max-snippet:-1, max-image-preview:large, max-video-preview:-1\" \/>\n<link rel=\"canonical\" href=\"https:\/\/propertyone.ch\/fr\/nous-concernant\/entreprise\/\" \/>\n<meta property=\"og:locale\" content=\"fr_FR\" \/>\n<meta property=\"og:type\" content=\"article\" \/>\n<meta property=\"og:title\" content=\"Property One - Vision und Mission\" \/>\n<meta property=\"og:description\" content=\"Mit nachhaltigen und innovativen L\u00f6sungen schaffen wir mehr Wert f\u00fcr unsere Kunden und erzeugen Begeisterung f\u00fcr Immobilien.\" \/>\n<meta property=\"og:url\" content=\"https:\/\/propertyone.ch\/fr\/nous-concernant\/entreprise\/\" \/>\n<meta property=\"og:site_name\" content=\"Property One Partners AG\" \/>\n<meta property=\"article:modified_time\" content=\"2026-01-23T09:37:06+00:00\" \/>\n<meta name=\"twitter:card\" content=\"summary_large_image\" \/>\n<script type=\"application\/ld+json\" class=\"yoast-schema-graph\">{\"@context\":\"https:\\\/\\\/schema.org\",\"@graph\":[{\"@type\":\"WebPage\",\"@id\":\"https:\\\/\\\/propertyone.ch\\\/fr\\\/nous-concernant\\\/entreprise\\\/\",\"url\":\"https:\\\/\\\/propertyone.ch\\\/fr\\\/nous-concernant\\\/entreprise\\\/\",\"name\":\"Property One - Vision und Mission\",\"isPartOf\":{\"@id\":\"https:\\\/\\\/propertyone.ch\\\/fr\\\/#website\"},\"datePublished\":\"2019-08-05T08:54:01+00:00\",\"dateModified\":\"2026-01-23T09:37:06+00:00\",\"description\":\"Mit nachhaltigen und innovativen L\u00f6sungen schaffen wir mehr Wert f\u00fcr unsere Kunden und erzeugen Begeisterung f\u00fcr Immobilien.\",\"breadcrumb\":{\"@id\":\"https:\\\/\\\/propertyone.ch\\\/fr\\\/nous-concernant\\\/entreprise\\\/#breadcrumb\"},\"inLanguage\":\"fr-FR\",\"potentialAction\":[{\"@type\":\"ReadAction\",\"target\":[\"https:\\\/\\\/propertyone.ch\\\/fr\\\/nous-concernant\\\/entreprise\\\/\"]}]},{\"@type\":\"BreadcrumbList\",\"@id\":\"https:\\\/\\\/propertyone.ch\\\/fr\\\/nous-concernant\\\/entreprise\\\/#breadcrumb\",\"itemListElement\":[{\"@type\":\"ListItem\",\"position\":1,\"name\":\"Home\",\"item\":\"https:\\\/\\\/propertyone.ch\\\/fr\\\/\"},{\"@type\":\"ListItem\",\"position\":2,\"name\":\"Nous concernant\",\"item\":\"https:\\\/\\\/propertyone.ch\\\/fr\\\/nous-concernant\\\/\"},{\"@type\":\"ListItem\",\"position\":3,\"name\":\"Entreprise\"}]},{\"@type\":\"WebSite\",\"@id\":\"https:\\\/\\\/propertyone.ch\\\/fr\\\/#website\",\"url\":\"https:\\\/\\\/propertyone.ch\\\/fr\\\/\",\"name\":\"Property One Partners AG\",\"description\":\"The Real Estate Hub\",\"potentialAction\":[{\"@type\":\"SearchAction\",\"target\":{\"@type\":\"EntryPoint\",\"urlTemplate\":\"https:\\\/\\\/propertyone.ch\\\/fr\\\/?s={search_term_string}\"},\"query-input\":{\"@type\":\"PropertyValueSpecification\",\"valueRequired\":true,\"valueName\":\"search_term_string\"}}],\"inLanguage\":\"fr-FR\"}]}<\/script>\n<!-- \/ Yoast SEO plugin. -->","yoast_head_json":{"title":"Property One - Vision und Mission","description":"Mit nachhaltigen und innovativen L\u00f6sungen schaffen wir mehr Wert f\u00fcr unsere Kunden und erzeugen Begeisterung f\u00fcr Immobilien.","robots":{"index":"index","follow":"follow","max-snippet":"max-snippet:-1","max-image-preview":"max-image-preview:large","max-video-preview":"max-video-preview:-1"},"canonical":"https:\/\/propertyone.ch\/fr\/nous-concernant\/entreprise\/","og_locale":"fr_FR","og_type":"article","og_title":"Property One - Vision und Mission","og_description":"Mit nachhaltigen und innovativen L\u00f6sungen schaffen wir mehr Wert f\u00fcr unsere Kunden und erzeugen Begeisterung f\u00fcr Immobilien.","og_url":"https:\/\/propertyone.ch\/fr\/nous-concernant\/entreprise\/","og_site_name":"Property One Partners AG","article_modified_time":"2026-01-23T09:37:06+00:00","twitter_card":"summary_large_image","schema":{"@context":"https:\/\/schema.org","@graph":[{"@type":"WebPage","@id":"https:\/\/propertyone.ch\/fr\/nous-concernant\/entreprise\/","url":"https:\/\/propertyone.ch\/fr\/nous-concernant\/entreprise\/","name":"Property One - Vision und Mission","isPartOf":{"@id":"https:\/\/propertyone.ch\/fr\/#website"},"datePublished":"2019-08-05T08:54:01+00:00","dateModified":"2026-01-23T09:37:06+00:00","description":"Mit nachhaltigen und innovativen L\u00f6sungen schaffen wir mehr Wert f\u00fcr unsere Kunden und erzeugen Begeisterung f\u00fcr Immobilien.","breadcrumb":{"@id":"https:\/\/propertyone.ch\/fr\/nous-concernant\/entreprise\/#breadcrumb"},"inLanguage":"fr-FR","potentialAction":[{"@type":"ReadAction","target":["https:\/\/propertyone.ch\/fr\/nous-concernant\/entreprise\/"]}]},{"@type":"BreadcrumbList","@id":"https:\/\/propertyone.ch\/fr\/nous-concernant\/entreprise\/#breadcrumb","itemListElement":[{"@type":"ListItem","position":1,"name":"Home","item":"https:\/\/propertyone.ch\/fr\/"},{"@type":"ListItem","position":2,"name":"Nous concernant","item":"https:\/\/propertyone.ch\/fr\/nous-concernant\/"},{"@type":"ListItem","position":3,"name":"Entreprise"}]},{"@type":"WebSite","@id":"https:\/\/propertyone.ch\/fr\/#website","url":"https:\/\/propertyone.ch\/fr\/","name":"Property One Partners AG","description":"The Real Estate Hub","potentialAction":[{"@type":"SearchAction","target":{"@type":"EntryPoint","urlTemplate":"https:\/\/propertyone.ch\/fr\/?s={search_term_string}"},"query-input":{"@type":"PropertyValueSpecification","valueRequired":true,"valueName":"search_term_string"}}],"inLanguage":"fr-FR"}]}},"_links":{"self":[{"href":"https:\/\/propertyone.ch\/fr\/wp-json\/wp\/v2\/pages\/427127","targetHints":{"allow":["GET"]}}],"collection":[{"href":"https:\/\/propertyone.ch\/fr\/wp-json\/wp\/v2\/pages"}],"about":[{"href":"https:\/\/propertyone.ch\/fr\/wp-json\/wp\/v2\/types\/page"}],"author":[{"embeddable":true,"href":"https:\/\/propertyone.ch\/fr\/wp-json\/wp\/v2\/users\/1"}],"replies":[{"embeddable":true,"href":"https:\/\/propertyone.ch\/fr\/wp-json\/wp\/v2\/comments?post=427127"}],"version-history":[{"count":0,"href":"https:\/\/propertyone.ch\/fr\/wp-json\/wp\/v2\/pages\/427127\/revisions"}],"up":[{"embeddable":true,"href":"https:\/\/propertyone.ch\/fr\/wp-json\/wp\/v2\/pages\/427138"}],"wp:attachment":[{"href":"https:\/\/propertyone.ch\/fr\/wp-json\/wp\/v2\/media?parent=427127"}],"curies":[{"name":"wp","href":"https:\/\/api.w.org\/{rel}","templated":true}]}}