{"id":427077,"date":"2020-05-05T14:08:02","date_gmt":"2020-05-05T12:08:02","guid":{"rendered":"https:\/\/propertyone.ch\/kompetenzen\/entwicklung-planung-bauen\/bauleitung\/"},"modified":"2024-06-26T09:14:07","modified_gmt":"2024-06-26T07:14:07","slug":"direction-des-travaux","status":"publish","type":"page","link":"https:\/\/propertyone.ch\/fr\/competences\/developpement-planification-construction\/direction-des-travaux\/","title":{"rendered":"Direction des travaux"},"content":{"rendered":"","protected":false},"excerpt":{"rendered":"","protected":false},"author":1,"featured_media":0,"parent":427061,"menu_order":5,"comment_status":"closed","ping_status":"closed","template":"page-template-kompetenzen-neu.php","meta":{"_acf_changed":false,"inline_featured_image":false,"footnotes":""},"class_list":["post-427077","page","type-page","status-publish","hentry"],"acf":[],"yoast_head":"<!-- This site is optimized with the Yoast SEO plugin v27.4 - https:\/\/yoast.com\/product\/yoast-seo-wordpress\/ -->\n<title>Bauleitung - Property One<\/title>\n<meta name=\"description\" content=\"Wir bauen auf - Wir begleiten Sie kompetent durch alle Bauphasen. Kosten, Termin und Qualit\u00e4t der Ausf\u00fchrung stehen f\u00fcr uns dabei immer an oberster Stelle.\" \/>\n<meta name=\"robots\" content=\"index, follow, max-snippet:-1, max-image-preview:large, max-video-preview:-1\" \/>\n<link rel=\"canonical\" href=\"https:\/\/propertyone.ch\/fr\/competences\/developpement-planification-construction\/direction-des-travaux\/\" \/>\n<meta property=\"og:locale\" content=\"fr_FR\" \/>\n<meta property=\"og:type\" content=\"article\" \/>\n<meta property=\"og:title\" content=\"Bauleitung - Property One\" \/>\n<meta property=\"og:description\" content=\"Wir bauen auf - Wir begleiten Sie kompetent durch alle Bauphasen. Kosten, Termin und Qualit\u00e4t der Ausf\u00fchrung stehen f\u00fcr uns dabei immer an oberster Stelle.\" \/>\n<meta property=\"og:url\" content=\"https:\/\/propertyone.ch\/fr\/competences\/developpement-planification-construction\/direction-des-travaux\/\" \/>\n<meta property=\"og:site_name\" content=\"Property One Partners AG\" \/>\n<meta property=\"article:modified_time\" content=\"2024-06-26T07:14:07+00:00\" \/>\n<meta name=\"twitter:card\" content=\"summary_large_image\" \/>\n<script type=\"application\/ld+json\" class=\"yoast-schema-graph\">{\"@context\":\"https:\\\/\\\/schema.org\",\"@graph\":[{\"@type\":\"WebPage\",\"@id\":\"https:\\\/\\\/propertyone.ch\\\/fr\\\/competences\\\/developpement-planification-construction\\\/direction-des-travaux\\\/\",\"url\":\"https:\\\/\\\/propertyone.ch\\\/fr\\\/competences\\\/developpement-planification-construction\\\/direction-des-travaux\\\/\",\"name\":\"Bauleitung - Property One\",\"isPartOf\":{\"@id\":\"https:\\\/\\\/propertyone.ch\\\/fr\\\/#website\"},\"datePublished\":\"2020-05-05T12:08:02+00:00\",\"dateModified\":\"2024-06-26T07:14:07+00:00\",\"description\":\"Wir bauen auf - Wir begleiten Sie kompetent durch alle Bauphasen. Kosten, Termin und Qualit\u00e4t der Ausf\u00fchrung stehen f\u00fcr uns dabei immer an oberster Stelle.\",\"breadcrumb\":{\"@id\":\"https:\\\/\\\/propertyone.ch\\\/fr\\\/competences\\\/developpement-planification-construction\\\/direction-des-travaux\\\/#breadcrumb\"},\"inLanguage\":\"fr-FR\",\"potentialAction\":[{\"@type\":\"ReadAction\",\"target\":[\"https:\\\/\\\/propertyone.ch\\\/fr\\\/competences\\\/developpement-planification-construction\\\/direction-des-travaux\\\/\"]}]},{\"@type\":\"BreadcrumbList\",\"@id\":\"https:\\\/\\\/propertyone.ch\\\/fr\\\/competences\\\/developpement-planification-construction\\\/direction-des-travaux\\\/#breadcrumb\",\"itemListElement\":[{\"@type\":\"ListItem\",\"position\":1,\"name\":\"Home\",\"item\":\"https:\\\/\\\/propertyone.ch\\\/fr\\\/\"},{\"@type\":\"ListItem\",\"position\":2,\"name\":\"Comp\u00e9tences\",\"item\":\"https:\\\/\\\/propertyone.ch\\\/fr\\\/competences\\\/\"},{\"@type\":\"ListItem\",\"position\":3,\"name\":\"D\u00e9veloppement, planification &#038; construction\",\"item\":\"https:\\\/\\\/propertyone.ch\\\/fr\\\/competences\\\/developpement-planification-construction\\\/\"},{\"@type\":\"ListItem\",\"position\":4,\"name\":\"Direction des travaux\"}]},{\"@type\":\"WebSite\",\"@id\":\"https:\\\/\\\/propertyone.ch\\\/fr\\\/#website\",\"url\":\"https:\\\/\\\/propertyone.ch\\\/fr\\\/\",\"name\":\"Property One Partners AG\",\"description\":\"The Real Estate Hub\",\"potentialAction\":[{\"@type\":\"SearchAction\",\"target\":{\"@type\":\"EntryPoint\",\"urlTemplate\":\"https:\\\/\\\/propertyone.ch\\\/fr\\\/?s={search_term_string}\"},\"query-input\":{\"@type\":\"PropertyValueSpecification\",\"valueRequired\":true,\"valueName\":\"search_term_string\"}}],\"inLanguage\":\"fr-FR\"}]}<\/script>\n<!-- \/ Yoast SEO plugin. -->","yoast_head_json":{"title":"Bauleitung - Property One","description":"Wir bauen auf - Wir begleiten Sie kompetent durch alle Bauphasen. Kosten, Termin und Qualit\u00e4t der Ausf\u00fchrung stehen f\u00fcr uns dabei immer an oberster Stelle.","robots":{"index":"index","follow":"follow","max-snippet":"max-snippet:-1","max-image-preview":"max-image-preview:large","max-video-preview":"max-video-preview:-1"},"canonical":"https:\/\/propertyone.ch\/fr\/competences\/developpement-planification-construction\/direction-des-travaux\/","og_locale":"fr_FR","og_type":"article","og_title":"Bauleitung - Property One","og_description":"Wir bauen auf - Wir begleiten Sie kompetent durch alle Bauphasen. Kosten, Termin und Qualit\u00e4t der Ausf\u00fchrung stehen f\u00fcr uns dabei immer an oberster Stelle.","og_url":"https:\/\/propertyone.ch\/fr\/competences\/developpement-planification-construction\/direction-des-travaux\/","og_site_name":"Property One Partners AG","article_modified_time":"2024-06-26T07:14:07+00:00","twitter_card":"summary_large_image","schema":{"@context":"https:\/\/schema.org","@graph":[{"@type":"WebPage","@id":"https:\/\/propertyone.ch\/fr\/competences\/developpement-planification-construction\/direction-des-travaux\/","url":"https:\/\/propertyone.ch\/fr\/competences\/developpement-planification-construction\/direction-des-travaux\/","name":"Bauleitung - Property One","isPartOf":{"@id":"https:\/\/propertyone.ch\/fr\/#website"},"datePublished":"2020-05-05T12:08:02+00:00","dateModified":"2024-06-26T07:14:07+00:00","description":"Wir bauen auf - Wir begleiten Sie kompetent durch alle Bauphasen. Kosten, Termin und Qualit\u00e4t der Ausf\u00fchrung stehen f\u00fcr uns dabei immer an oberster Stelle.","breadcrumb":{"@id":"https:\/\/propertyone.ch\/fr\/competences\/developpement-planification-construction\/direction-des-travaux\/#breadcrumb"},"inLanguage":"fr-FR","potentialAction":[{"@type":"ReadAction","target":["https:\/\/propertyone.ch\/fr\/competences\/developpement-planification-construction\/direction-des-travaux\/"]}]},{"@type":"BreadcrumbList","@id":"https:\/\/propertyone.ch\/fr\/competences\/developpement-planification-construction\/direction-des-travaux\/#breadcrumb","itemListElement":[{"@type":"ListItem","position":1,"name":"Home","item":"https:\/\/propertyone.ch\/fr\/"},{"@type":"ListItem","position":2,"name":"Comp\u00e9tences","item":"https:\/\/propertyone.ch\/fr\/competences\/"},{"@type":"ListItem","position":3,"name":"D\u00e9veloppement, planification &#038; construction","item":"https:\/\/propertyone.ch\/fr\/competences\/developpement-planification-construction\/"},{"@type":"ListItem","position":4,"name":"Direction des travaux"}]},{"@type":"WebSite","@id":"https:\/\/propertyone.ch\/fr\/#website","url":"https:\/\/propertyone.ch\/fr\/","name":"Property One Partners AG","description":"The Real Estate Hub","potentialAction":[{"@type":"SearchAction","target":{"@type":"EntryPoint","urlTemplate":"https:\/\/propertyone.ch\/fr\/?s={search_term_string}"},"query-input":{"@type":"PropertyValueSpecification","valueRequired":true,"valueName":"search_term_string"}}],"inLanguage":"fr-FR"}]}},"_links":{"self":[{"href":"https:\/\/propertyone.ch\/fr\/wp-json\/wp\/v2\/pages\/427077","targetHints":{"allow":["GET"]}}],"collection":[{"href":"https:\/\/propertyone.ch\/fr\/wp-json\/wp\/v2\/pages"}],"about":[{"href":"https:\/\/propertyone.ch\/fr\/wp-json\/wp\/v2\/types\/page"}],"author":[{"embeddable":true,"href":"https:\/\/propertyone.ch\/fr\/wp-json\/wp\/v2\/users\/1"}],"replies":[{"embeddable":true,"href":"https:\/\/propertyone.ch\/fr\/wp-json\/wp\/v2\/comments?post=427077"}],"version-history":[{"count":0,"href":"https:\/\/propertyone.ch\/fr\/wp-json\/wp\/v2\/pages\/427077\/revisions"}],"up":[{"embeddable":true,"href":"https:\/\/propertyone.ch\/fr\/wp-json\/wp\/v2\/pages\/427061"}],"wp:attachment":[{"href":"https:\/\/propertyone.ch\/fr\/wp-json\/wp\/v2\/media?parent=427077"}],"curies":[{"name":"wp","href":"https:\/\/api.w.org\/{rel}","templated":true}]}}